{"id":35,"date":"2015-11-23T20:49:14","date_gmt":"2015-11-23T18:49:14","guid":{"rendered":"http:\/\/88.148.137.104\/opiskelijat\/marjo\/pro01\/?page_id=35"},"modified":"2024-01-31T07:26:51","modified_gmt":"2024-01-31T05:26:51","slug":"yhteystiedot","status":"publish","type":"page","link":"https:\/\/www.hairmondo.fi\/?page_id=35","title":{"rendered":"Yhteystiedot"},"content":{"rendered":"<p><a href=\"https:\/\/www.hairmondo.fi\/wp-content\/uploads\/2024\/01\/IMG_7728.jpg\"><img loading=\"lazy\" decoding=\"async\" class=\"alignright wp-image-402 size-full\" src=\"https:\/\/www.hairmondo.fi\/wp-content\/uploads\/2024\/01\/IMG_7728.jpg\" alt=\"\" width=\"480\" height=\"320\" \/><\/a><\/p>\n<p>Sijaitsemme hyvien kulkuyhteyksien p\u00e4\u00e4ss\u00e4 vilkkaalla\u00a0H\u00e4meenkadulla,<br \/>\nmiltei tuomiokirkkoa vastap\u00e4\u00e4t\u00e4. Meille on helppo tulla bussilla,<br \/>\nsill\u00e4 pys\u00e4kki on melkein oven edess\u00e4.<\/p>\n<p><em>Toivottavasti tavataan pian!<\/em><\/p>\n<p>H\u00e4meenkatu 12, 20500 TURKU<br \/>\n<strong>p. 02 536 1717<\/strong><\/p>\n<p>Avoinna arkisin 10-17<br \/>\nMuina aikoina sopimuksen mukaan.<\/p>\n<p style=\"float: left; text-align: left;\"><iframe loading=\"lazy\" style=\"border: 0; float: left;\" src=\"https:\/\/www.google.com\/maps\/embed?pb=!1m18!1m12!1m3!1d1967.633026393427!2d22.27861571623764!3d60.451273527602325!2m3!1f0!2f0!3f0!3m2!1i1024!2i768!4f13.1!3m3!1m2!1s0x468c76e56aaa9fd9%3A0xb722f99918f9f581!2sH%C3%A4meenkatu+12%2C+20500+Turku!5e0!3m2!1sfi!2sfi!4v1449050745400\" width=\"400\" height=\"200\" frameborder=\"0\" allowfullscreen=\"allowfullscreen\"><\/iframe><\/p>\n","protected":false},"excerpt":{"rendered":"<p>Sijaitsemme hyvien kulkuyhteyksien p\u00e4\u00e4ss\u00e4 vilkkaalla\u00a0H\u00e4meenkadulla, miltei tuomiokirkkoa vastap\u00e4\u00e4t\u00e4. Meille on helppo tulla bussilla, sill\u00e4 pys\u00e4kki on melkein oven edess\u00e4. Toivottavasti tavataan pian! H\u00e4meenkatu 12, 20500 TURKU p. 02 536 1717 Avoinna arkisin 10-17 Muina aikoina sopimuksen mukaan.<\/p>\n","protected":false},"author":1,"featured_media":0,"parent":0,"menu_order":4,"comment_status":"closed","ping_status":"closed","template":"","meta":{"footnotes":""},"_links":{"self":[{"href":"https:\/\/www.hairmondo.fi\/index.php?rest_route=\/wp\/v2\/pages\/35"}],"collection":[{"href":"https:\/\/www.hairmondo.fi\/index.php?rest_route=\/wp\/v2\/pages"}],"about":[{"href":"https:\/\/www.hairmondo.fi\/index.php?rest_route=\/wp\/v2\/types\/page"}],"author":[{"embeddable":true,"href":"https:\/\/www.hairmondo.fi\/index.php?rest_route=\/wp\/v2\/users\/1"}],"replies":[{"embeddable":true,"href":"https:\/\/www.hairmondo.fi\/index.php?rest_route=%2Fwp%2Fv2%2Fcomments&post=35"}],"version-history":[{"count":3,"href":"https:\/\/www.hairmondo.fi\/index.php?rest_route=\/wp\/v2\/pages\/35\/revisions"}],"predecessor-version":[{"id":837,"href":"https:\/\/www.hairmondo.fi\/index.php?rest_route=\/wp\/v2\/pages\/35\/revisions\/837"}],"wp:attachment":[{"href":"https:\/\/www.hairmondo.fi\/index.php?rest_route=%2Fwp%2Fv2%2Fmedia&parent=35"}],"curies":[{"name":"wp","href":"https:\/\/api.w.org\/{rel}","templated":true}]}}