{"id":90,"date":"2015-11-30T16:41:48","date_gmt":"2015-11-30T14:41:48","guid":{"rendered":"http:\/\/88.148.137.104\/opiskelijat\/marjo\/pro01\/?page_id=90"},"modified":"2024-04-23T12:35:20","modified_gmt":"2024-04-23T09:35:20","slug":"palvelut","status":"publish","type":"page","link":"https:\/\/www.hairmondo.fi\/?page_id=90","title":{"rendered":"Palvelut"},"content":{"rendered":"<p><strong>Palveluistamme l\u00f6yd\u00e4t varmasti kaiken tarvitsemasi.<\/strong><\/p>\n<p>&nbsp;<\/p>\n<p><strong><a href=\"http:\/\/88.148.137.104\/opiskelijat\/marjo\/pro01\/wp-content\/uploads\/2015\/12\/kevin-mm1.jpg\"><img loading=\"lazy\" decoding=\"async\" class=\"alignright wp-image-133 size-full\" src=\"http:\/\/88.148.137.104\/opiskelijat\/marjo\/pro01\/wp-content\/uploads\/2015\/12\/kevin-mm1.jpg\" alt=\"kevin mm\" width=\"512\" height=\"512\" \/><\/a><\/strong><strong><em>Parturi-kampaamopalvelut<\/em><\/strong><\/p>\n<p>T\u00e4rkeimp\u00e4n\u00e4 pid\u00e4mme asiakkaan toiveita ja tyyli\u00e4 kunnioittavaa palvelua.\u00a0\u00a0Kampaajamme ovat luovia ammattilaisia, joiden k\u00e4siss\u00e4 luonnistuvat perinteiset parturi-kampaamopalvelut sek\u00e4 trendikk\u00e4\u00e4mm\u00e4tkin tyylinvaihdokset.<\/p>\n<p>Kampaamopalvelut ovat kattavia ja monipuolisia: hiusten leikkauksista upeiden kampausten kautta pidennyksiin. Palveluihimme kuuluvat my\u00f6s kulmien ja ripsien muotoilu sek\u00e4 kestov\u00e4rj\u00e4ys, joka voidaan toteuttaa vaivatta ja edullisesti mm. kampaajak\u00e4ynnin yhteydess\u00e4.<\/p>\n<p>Miehet eiv\u00e4t j\u00e4\u00e4 meill\u00e4 palvelematta, vaan parturi-aikoja on \u00a0nopeastikin saatavilla.<\/p>\n<p>Olemme lapsiyst\u00e4v\u00e4llinen liike, joten huomioimme my\u00f6s pienet asiakkaat.<\/p>\n<p>&nbsp;<\/p>\n<p><strong><em>Kynnet<\/em><\/strong><\/p>\n<p>Kynnet tehd\u00e4\u00e4n ammattitaidolla Pronailsin geeleill\u00e4. Pronailsin periaatteena on vahvistaa luonnollista kyntt\u00e4, sit\u00e4 kunnioittaen. Kyntesi kasvavat vahvistuksen alla luonnollisesti ilman vaurioita. (Luonnonkynsi ei my\u00f6sk\u00e4\u00e4n l\u00e4p\u00e4ise mit\u00e4\u00e4n aineita elimist\u00f6\u00f6n.) Saat kauniin muodon, lakkauksen tai koristelun kynsiisi mielesi mukaan. Meill\u00e4 voit my\u00f6s luottaa ammattilaisen silm\u00e4\u00e4n ja l\u00f6yt\u00e4\u00e4 t\u00e4t\u00e4 kautta uuden tyylin kynsiisi. Huoltamalla geelikynsi\u00e4 voit pit\u00e4\u00e4 vuodesta toiseen k\u00e4tesi huolitellun n\u00e4k\u00f6isen\u00e4.<\/p>\n<p>&nbsp;<\/p>\n<p><strong><em>Meikit<\/em><\/strong><\/p>\n<p>Juhla- tai \u00a0h\u00e4\u00e4meikki voi olla voimakas tai luonnollisen hele\u00e4, mutta kuitenkin intensiivisempi kuin arkimeikki. Meikki toteutetaan hyvill\u00e4 tuotteilla varmalla ammattitaidolla, jolloin varmistetaan meikin laatu ja kest\u00e4vyys kasvonpiirteet huomioiden.<br \/>\nErikoismeikkauksia my\u00f6s saatavilla.<\/p>\n","protected":false},"excerpt":{"rendered":"<p>Palveluistamme l\u00f6yd\u00e4t varmasti kaiken tarvitsemasi. &nbsp; Parturi-kampaamopalvelut T\u00e4rkeimp\u00e4n\u00e4 pid\u00e4mme asiakkaan toiveita ja tyyli\u00e4 kunnioittavaa palvelua.\u00a0\u00a0Kampaajamme ovat luovia ammattilaisia, joiden k\u00e4siss\u00e4 luonnistuvat perinteiset parturi-kampaamopalvelut sek\u00e4 trendikk\u00e4\u00e4mm\u00e4tkin tyylinvaihdokset. Kampaamopalvelut ovat kattavia ja monipuolisia: hiusten leikkauksista upeiden kampausten kautta pidennyksiin. Palveluihimme kuuluvat my\u00f6s kulmien ja ripsien muotoilu sek\u00e4 kestov\u00e4rj\u00e4ys, joka voidaan toteuttaa vaivatta ja edullisesti mm. kampaajak\u00e4ynnin yhteydess\u00e4. [&hellip;]<\/p>\n","protected":false},"author":1,"featured_media":693,"parent":0,"menu_order":0,"comment_status":"closed","ping_status":"closed","template":"","meta":{"footnotes":""},"_links":{"self":[{"href":"https:\/\/www.hairmondo.fi\/index.php?rest_route=\/wp\/v2\/pages\/90"}],"collection":[{"href":"https:\/\/www.hairmondo.fi\/index.php?rest_route=\/wp\/v2\/pages"}],"about":[{"href":"https:\/\/www.hairmondo.fi\/index.php?rest_route=\/wp\/v2\/types\/page"}],"author":[{"embeddable":true,"href":"https:\/\/www.hairmondo.fi\/index.php?rest_route=\/wp\/v2\/users\/1"}],"replies":[{"embeddable":true,"href":"https:\/\/www.hairmondo.fi\/index.php?rest_route=%2Fwp%2Fv2%2Fcomments&post=90"}],"version-history":[{"count":1,"href":"https:\/\/www.hairmondo.fi\/index.php?rest_route=\/wp\/v2\/pages\/90\/revisions"}],"predecessor-version":[{"id":251,"href":"https:\/\/www.hairmondo.fi\/index.php?rest_route=\/wp\/v2\/pages\/90\/revisions\/251"}],"wp:featuredmedia":[{"embeddable":true,"href":"https:\/\/www.hairmondo.fi\/index.php?rest_route=\/wp\/v2\/media\/693"}],"wp:attachment":[{"href":"https:\/\/www.hairmondo.fi\/index.php?rest_route=%2Fwp%2Fv2%2Fmedia&parent=90"}],"curies":[{"name":"wp","href":"https:\/\/api.w.org\/{rel}","templated":true}]}}